{"id":3479,"date":"2022-02-11T10:28:21","date_gmt":"2022-02-11T08:28:21","guid":{"rendered":"https:\/\/muhubrands.com\/?post_type=product&#038;p=3479"},"modified":"2023-10-30T15:32:11","modified_gmt":"2023-10-30T13:32:11","slug":"muhu-jaaraim","status":"publish","type":"product","link":"https:\/\/muhubrands.com\/en\/product\/muhu-jaaraim\/","title":{"rendered":"Muhu J\u00e4\u00e4r\u00e4im"},"content":{"rendered":"","protected":false},"excerpt":{"rendered":"<p>A Baltic \u201cice herring\u201d is something akin to a starling \u2013 it heralds spring and lifts the spirits. \u201cSon of a gun, that\u2019n hits the spot,\u201d the weathered fisherman murmured as he wolfed down one after another. Just like a proper<br \/>\nlip-smacking ice herring, the long-awaited M\u00e4rzen will make your mouth water.<\/p>\n<p><em>M\u00e4<\/em>rzen beer with rich and clear taste.<\/p>\n<p>Alc.5,4 vol. ; IBU 16. Serving temperature 7-10 \u00b0C<\/p>\n<p>Suits with fried Baltic herring.<\/p>\n","protected":false},"featured_media":3480,"template":"","meta":[],"product_cat":[416,149],"product_tag":[],"acf":[],"yoast_head":"<!-- This site is optimized with the Yoast SEO plugin v21.5 - https:\/\/yoast.com\/wordpress\/plugins\/seo\/ -->\n<title>Muhu J\u00e4\u00e4r\u00e4im - Muhu Brands<\/title>\n<meta name=\"robots\" content=\"index, follow, max-snippet:-1, max-image-preview:large, max-video-preview:-1\" \/>\n<link rel=\"canonical\" href=\"https:\/\/muhubrands.com\/en\/product\/muhu-jaaraim\/\" \/>\n<meta property=\"og:locale\" content=\"en_US\" \/>\n<meta property=\"og:type\" content=\"article\" \/>\n<meta property=\"og:title\" content=\"Muhu J\u00e4\u00e4r\u00e4im - Muhu Brands\" \/>\n<meta property=\"og:description\" content=\"A Baltic \u201cice herring\u201d is something akin to a starling \u2013 it heralds spring and lifts the spirits. \u201cSon of a gun, that\u2019n hits the spot,\u201d the weathered fisherman murmured as he wolfed down one after another. Just like a proper lip-smacking ice herring, the long-awaited M\u00e4rzen will make your mouth water.  M\u00e4rzen beer with rich and clear taste.  Alc.5,4 vol. ; IBU 16. Serving temperature 7-10 \u00b0C  Suits with fried Baltic herring.\" \/>\n<meta property=\"og:url\" content=\"https:\/\/muhubrands.com\/en\/product\/muhu-jaaraim\/\" \/>\n<meta property=\"og:site_name\" content=\"Muhu Brands\" \/>\n<meta property=\"article:modified_time\" content=\"2023-10-30T13:32:11+00:00\" \/>\n<meta property=\"og:image\" content=\"https:\/\/muhubrands.com\/wp-content\/uploads\/2021\/12\/muhu_jaaraim.png\" \/>\n\t<meta property=\"og:image:width\" content=\"500\" \/>\n\t<meta property=\"og:image:height\" content=\"500\" \/>\n\t<meta property=\"og:image:type\" content=\"image\/png\" \/>\n<meta name=\"twitter:card\" content=\"summary_large_image\" \/>\n<script type=\"application\/ld+json\" class=\"yoast-schema-graph\">{\"@context\":\"https:\/\/schema.org\",\"@graph\":[{\"@type\":\"WebPage\",\"@id\":\"https:\/\/muhubrands.com\/en\/product\/muhu-jaaraim\/\",\"url\":\"https:\/\/muhubrands.com\/en\/product\/muhu-jaaraim\/\",\"name\":\"Muhu J\u00e4\u00e4r\u00e4im - Muhu Brands\",\"isPartOf\":{\"@id\":\"https:\/\/muhubrands.com\/en\/#website\"},\"datePublished\":\"2022-02-11T08:28:21+00:00\",\"dateModified\":\"2023-10-30T13:32:11+00:00\",\"breadcrumb\":{\"@id\":\"https:\/\/muhubrands.com\/en\/product\/muhu-jaaraim\/#breadcrumb\"},\"inLanguage\":\"en-US\",\"potentialAction\":[{\"@type\":\"ReadAction\",\"target\":[\"https:\/\/muhubrands.com\/en\/product\/muhu-jaaraim\/\"]}]},{\"@type\":\"BreadcrumbList\",\"@id\":\"https:\/\/muhubrands.com\/en\/product\/muhu-jaaraim\/#breadcrumb\",\"itemListElement\":[{\"@type\":\"ListItem\",\"position\":1,\"name\":\"Home\",\"item\":\"https:\/\/muhubrands.com\/en\/\"},{\"@type\":\"ListItem\",\"position\":2,\"name\":\"Home\",\"item\":\"https:\/\/muhubrands.com\/en\/\"},{\"@type\":\"ListItem\",\"position\":3,\"name\":\"Muhu J\u00e4\u00e4r\u00e4im\"}]},{\"@type\":\"WebSite\",\"@id\":\"https:\/\/muhubrands.com\/en\/#website\",\"url\":\"https:\/\/muhubrands.com\/en\/\",\"name\":\"Muhu Brands\",\"description\":\"\",\"potentialAction\":[{\"@type\":\"SearchAction\",\"target\":{\"@type\":\"EntryPoint\",\"urlTemplate\":\"https:\/\/muhubrands.com\/en\/?s={search_term_string}\"},\"query-input\":\"required name=search_term_string\"}],\"inLanguage\":\"en-US\"}]}<\/script>\n<!-- \/ Yoast SEO plugin. -->","yoast_head_json":{"title":"Muhu J\u00e4\u00e4r\u00e4im - Muhu Brands","robots":{"index":"index","follow":"follow","max-snippet":"max-snippet:-1","max-image-preview":"max-image-preview:large","max-video-preview":"max-video-preview:-1"},"canonical":"https:\/\/muhubrands.com\/en\/product\/muhu-jaaraim\/","og_locale":"en_US","og_type":"article","og_title":"Muhu J\u00e4\u00e4r\u00e4im - Muhu Brands","og_description":"A Baltic \u201cice herring\u201d is something akin to a starling \u2013 it heralds spring and lifts the spirits. \u201cSon of a gun, that\u2019n hits the spot,\u201d the weathered fisherman murmured as he wolfed down one after another. Just like a proper lip-smacking ice herring, the long-awaited M\u00e4rzen will make your mouth water.  M\u00e4rzen beer with rich and clear taste.  Alc.5,4 vol. ; IBU 16. Serving temperature 7-10 \u00b0C  Suits with fried Baltic herring.","og_url":"https:\/\/muhubrands.com\/en\/product\/muhu-jaaraim\/","og_site_name":"Muhu Brands","article_modified_time":"2023-10-30T13:32:11+00:00","og_image":[{"width":500,"height":500,"url":"https:\/\/muhubrands.com\/wp-content\/uploads\/2021\/12\/muhu_jaaraim.png","type":"image\/png"}],"twitter_card":"summary_large_image","schema":{"@context":"https:\/\/schema.org","@graph":[{"@type":"WebPage","@id":"https:\/\/muhubrands.com\/en\/product\/muhu-jaaraim\/","url":"https:\/\/muhubrands.com\/en\/product\/muhu-jaaraim\/","name":"Muhu J\u00e4\u00e4r\u00e4im - Muhu Brands","isPartOf":{"@id":"https:\/\/muhubrands.com\/en\/#website"},"datePublished":"2022-02-11T08:28:21+00:00","dateModified":"2023-10-30T13:32:11+00:00","breadcrumb":{"@id":"https:\/\/muhubrands.com\/en\/product\/muhu-jaaraim\/#breadcrumb"},"inLanguage":"en-US","potentialAction":[{"@type":"ReadAction","target":["https:\/\/muhubrands.com\/en\/product\/muhu-jaaraim\/"]}]},{"@type":"BreadcrumbList","@id":"https:\/\/muhubrands.com\/en\/product\/muhu-jaaraim\/#breadcrumb","itemListElement":[{"@type":"ListItem","position":1,"name":"Home","item":"https:\/\/muhubrands.com\/en\/"},{"@type":"ListItem","position":2,"name":"Home","item":"https:\/\/muhubrands.com\/en\/"},{"@type":"ListItem","position":3,"name":"Muhu J\u00e4\u00e4r\u00e4im"}]},{"@type":"WebSite","@id":"https:\/\/muhubrands.com\/en\/#website","url":"https:\/\/muhubrands.com\/en\/","name":"Muhu Brands","description":"","potentialAction":[{"@type":"SearchAction","target":{"@type":"EntryPoint","urlTemplate":"https:\/\/muhubrands.com\/en\/?s={search_term_string}"},"query-input":"required name=search_term_string"}],"inLanguage":"en-US"}]}},"_links":{"self":[{"href":"https:\/\/muhubrands.com\/en\/wp-json\/wp\/v2\/product\/3479"}],"collection":[{"href":"https:\/\/muhubrands.com\/en\/wp-json\/wp\/v2\/product"}],"about":[{"href":"https:\/\/muhubrands.com\/en\/wp-json\/wp\/v2\/types\/product"}],"wp:featuredmedia":[{"embeddable":true,"href":"https:\/\/muhubrands.com\/en\/wp-json\/wp\/v2\/media\/3480"}],"wp:attachment":[{"href":"https:\/\/muhubrands.com\/en\/wp-json\/wp\/v2\/media?parent=3479"}],"wp:term":[{"taxonomy":"product_cat","embeddable":true,"href":"https:\/\/muhubrands.com\/en\/wp-json\/wp\/v2\/product_cat?post=3479"},{"taxonomy":"product_tag","embeddable":true,"href":"https:\/\/muhubrands.com\/en\/wp-json\/wp\/v2\/product_tag?post=3479"}],"curies":[{"name":"wp","href":"https:\/\/api.w.org\/{rel}","templated":true}]}}