{"id":3487,"date":"2022-02-11T10:30:03","date_gmt":"2022-02-11T08:30:03","guid":{"rendered":"https:\/\/muhubrands.com\/?post_type=product&#038;p=3487"},"modified":"2023-10-30T15:31:19","modified_gmt":"2023-10-30T13:31:19","slug":"muhu-puerpaits","status":"publish","type":"product","link":"https:\/\/muhubrands.com\/en\/product\/muhu-puerpaits\/","title":{"rendered":"Muhu P\u00fcerp\u00e4its"},"content":{"rendered":"","protected":false},"excerpt":{"rendered":"<p>Out in the boonies, p\u00fcerp\u00e4its means crazy. And Muhu sure has its share of wackos. One tried to kill a hare by tossing an anchor over a stone fence. Back in the USSR, another asked a country teen whether she\u2019d ever seen a naked Nubian. P\u00fcerp\u00e4its is a hoppy, bitter, fiery IPA \u2013 a crazy combo of American Ecanote and Mosaic hops with rye.<\/p>\n<p>Tasty rye IPA<\/p>\n<p>Alc.5,6 vol. ; IBU 65. Serving temperature 10-13 \u00b0C<\/p>\n<p>Suits with spicy food.<\/p>\n","protected":false},"featured_media":3488,"template":"","meta":[],"product_cat":[416,149],"product_tag":[],"acf":[],"yoast_head":"<!-- This site is optimized with the Yoast SEO plugin v21.5 - https:\/\/yoast.com\/wordpress\/plugins\/seo\/ -->\n<title>Muhu P\u00fcerp\u00e4its - Muhu Brands<\/title>\n<meta name=\"robots\" content=\"index, follow, max-snippet:-1, max-image-preview:large, max-video-preview:-1\" \/>\n<link rel=\"canonical\" href=\"https:\/\/muhubrands.com\/en\/product\/muhu-puerpaits\/\" \/>\n<meta property=\"og:locale\" content=\"en_US\" \/>\n<meta property=\"og:type\" content=\"article\" \/>\n<meta property=\"og:title\" content=\"Muhu P\u00fcerp\u00e4its - Muhu Brands\" \/>\n<meta property=\"og:description\" content=\"Out in the boonies, p\u00fcerp\u00e4its means crazy. And Muhu sure has its share of wackos. One tried to kill a hare by tossing an anchor over a stone fence. Back in the USSR, another asked a country teen whether she\u2019d ever seen a naked Nubian. P\u00fcerp\u00e4its is a hoppy, bitter, fiery IPA \u2013 a crazy combo of American Ecanote and Mosaic hops with rye.  Tasty rye IPA  Alc.5,6 vol. ; IBU 65. Serving temperature 10-13 \u00b0C  Suits with spicy food.\" \/>\n<meta property=\"og:url\" content=\"https:\/\/muhubrands.com\/en\/product\/muhu-puerpaits\/\" \/>\n<meta property=\"og:site_name\" content=\"Muhu Brands\" \/>\n<meta property=\"article:modified_time\" content=\"2023-10-30T13:31:19+00:00\" \/>\n<meta property=\"og:image\" content=\"https:\/\/muhubrands.com\/wp-content\/uploads\/2021\/12\/muhu_puerpaits.png\" \/>\n\t<meta property=\"og:image:width\" content=\"500\" \/>\n\t<meta property=\"og:image:height\" content=\"500\" \/>\n\t<meta property=\"og:image:type\" content=\"image\/png\" \/>\n<meta name=\"twitter:card\" content=\"summary_large_image\" \/>\n<script type=\"application\/ld+json\" class=\"yoast-schema-graph\">{\"@context\":\"https:\/\/schema.org\",\"@graph\":[{\"@type\":\"WebPage\",\"@id\":\"https:\/\/muhubrands.com\/en\/product\/muhu-puerpaits\/\",\"url\":\"https:\/\/muhubrands.com\/en\/product\/muhu-puerpaits\/\",\"name\":\"Muhu P\u00fcerp\u00e4its - Muhu Brands\",\"isPartOf\":{\"@id\":\"https:\/\/muhubrands.com\/en\/#website\"},\"datePublished\":\"2022-02-11T08:30:03+00:00\",\"dateModified\":\"2023-10-30T13:31:19+00:00\",\"breadcrumb\":{\"@id\":\"https:\/\/muhubrands.com\/en\/product\/muhu-puerpaits\/#breadcrumb\"},\"inLanguage\":\"en-US\",\"potentialAction\":[{\"@type\":\"ReadAction\",\"target\":[\"https:\/\/muhubrands.com\/en\/product\/muhu-puerpaits\/\"]}]},{\"@type\":\"BreadcrumbList\",\"@id\":\"https:\/\/muhubrands.com\/en\/product\/muhu-puerpaits\/#breadcrumb\",\"itemListElement\":[{\"@type\":\"ListItem\",\"position\":1,\"name\":\"Home\",\"item\":\"https:\/\/muhubrands.com\/en\/\"},{\"@type\":\"ListItem\",\"position\":2,\"name\":\"Home\",\"item\":\"https:\/\/muhubrands.com\/en\/\"},{\"@type\":\"ListItem\",\"position\":3,\"name\":\"Muhu P\u00fcerp\u00e4its\"}]},{\"@type\":\"WebSite\",\"@id\":\"https:\/\/muhubrands.com\/en\/#website\",\"url\":\"https:\/\/muhubrands.com\/en\/\",\"name\":\"Muhu Brands\",\"description\":\"\",\"potentialAction\":[{\"@type\":\"SearchAction\",\"target\":{\"@type\":\"EntryPoint\",\"urlTemplate\":\"https:\/\/muhubrands.com\/en\/?s={search_term_string}\"},\"query-input\":\"required name=search_term_string\"}],\"inLanguage\":\"en-US\"}]}<\/script>\n<!-- \/ Yoast SEO plugin. -->","yoast_head_json":{"title":"Muhu P\u00fcerp\u00e4its - Muhu Brands","robots":{"index":"index","follow":"follow","max-snippet":"max-snippet:-1","max-image-preview":"max-image-preview:large","max-video-preview":"max-video-preview:-1"},"canonical":"https:\/\/muhubrands.com\/en\/product\/muhu-puerpaits\/","og_locale":"en_US","og_type":"article","og_title":"Muhu P\u00fcerp\u00e4its - Muhu Brands","og_description":"Out in the boonies, p\u00fcerp\u00e4its means crazy. And Muhu sure has its share of wackos. One tried to kill a hare by tossing an anchor over a stone fence. Back in the USSR, another asked a country teen whether she\u2019d ever seen a naked Nubian. P\u00fcerp\u00e4its is a hoppy, bitter, fiery IPA \u2013 a crazy combo of American Ecanote and Mosaic hops with rye.  Tasty rye IPA  Alc.5,6 vol. ; IBU 65. Serving temperature 10-13 \u00b0C  Suits with spicy food.","og_url":"https:\/\/muhubrands.com\/en\/product\/muhu-puerpaits\/","og_site_name":"Muhu Brands","article_modified_time":"2023-10-30T13:31:19+00:00","og_image":[{"width":500,"height":500,"url":"https:\/\/muhubrands.com\/wp-content\/uploads\/2021\/12\/muhu_puerpaits.png","type":"image\/png"}],"twitter_card":"summary_large_image","schema":{"@context":"https:\/\/schema.org","@graph":[{"@type":"WebPage","@id":"https:\/\/muhubrands.com\/en\/product\/muhu-puerpaits\/","url":"https:\/\/muhubrands.com\/en\/product\/muhu-puerpaits\/","name":"Muhu P\u00fcerp\u00e4its - Muhu Brands","isPartOf":{"@id":"https:\/\/muhubrands.com\/en\/#website"},"datePublished":"2022-02-11T08:30:03+00:00","dateModified":"2023-10-30T13:31:19+00:00","breadcrumb":{"@id":"https:\/\/muhubrands.com\/en\/product\/muhu-puerpaits\/#breadcrumb"},"inLanguage":"en-US","potentialAction":[{"@type":"ReadAction","target":["https:\/\/muhubrands.com\/en\/product\/muhu-puerpaits\/"]}]},{"@type":"BreadcrumbList","@id":"https:\/\/muhubrands.com\/en\/product\/muhu-puerpaits\/#breadcrumb","itemListElement":[{"@type":"ListItem","position":1,"name":"Home","item":"https:\/\/muhubrands.com\/en\/"},{"@type":"ListItem","position":2,"name":"Home","item":"https:\/\/muhubrands.com\/en\/"},{"@type":"ListItem","position":3,"name":"Muhu P\u00fcerp\u00e4its"}]},{"@type":"WebSite","@id":"https:\/\/muhubrands.com\/en\/#website","url":"https:\/\/muhubrands.com\/en\/","name":"Muhu Brands","description":"","potentialAction":[{"@type":"SearchAction","target":{"@type":"EntryPoint","urlTemplate":"https:\/\/muhubrands.com\/en\/?s={search_term_string}"},"query-input":"required name=search_term_string"}],"inLanguage":"en-US"}]}},"_links":{"self":[{"href":"https:\/\/muhubrands.com\/en\/wp-json\/wp\/v2\/product\/3487"}],"collection":[{"href":"https:\/\/muhubrands.com\/en\/wp-json\/wp\/v2\/product"}],"about":[{"href":"https:\/\/muhubrands.com\/en\/wp-json\/wp\/v2\/types\/product"}],"wp:featuredmedia":[{"embeddable":true,"href":"https:\/\/muhubrands.com\/en\/wp-json\/wp\/v2\/media\/3488"}],"wp:attachment":[{"href":"https:\/\/muhubrands.com\/en\/wp-json\/wp\/v2\/media?parent=3487"}],"wp:term":[{"taxonomy":"product_cat","embeddable":true,"href":"https:\/\/muhubrands.com\/en\/wp-json\/wp\/v2\/product_cat?post=3487"},{"taxonomy":"product_tag","embeddable":true,"href":"https:\/\/muhubrands.com\/en\/wp-json\/wp\/v2\/product_tag?post=3487"}],"curies":[{"name":"wp","href":"https:\/\/api.w.org\/{rel}","templated":true}]}}