{"id":4504,"date":"2022-03-03T15:33:54","date_gmt":"2022-03-03T13:33:54","guid":{"rendered":"https:\/\/muhubrands.com\/?post_type=product&#038;p=4504"},"modified":"2025-08-19T14:25:20","modified_gmt":"2025-08-19T11:25:20","slug":"island-angels","status":"publish","type":"product","link":"https:\/\/muhubrands.com\/en\/product\/island-angels\/","title":{"rendered":"Book &#8220;Island Angels&#8221; in English"},"content":{"rendered":"","protected":false},"excerpt":{"rendered":"<p><strong>\u201eIsland Angels\u201c<\/strong> (\u201eMuhu inglid\u201c) is a picture book inspired by Estonian folklore. Muhu is the third largest island in Estonia and known for its abundant and singular folk traditions. The book holds the stories of seven women named \u201cAngel\u201d. Patterns from skirts, sweaters, quilts form the core elements of the book. The line structure of the images is reminiscent of embroidery. A modern comic book section tells the stories of the angels as a good-natured strip. <strong>The book is in English.<\/strong> Artwork: Urmas Viik, stories: Kadri T\u00fc\u00fcr, translation: Juta K\u00f5vamees-Kitching. 2018<\/p>\n<p>36 pages<\/p>\n","protected":false},"featured_media":4505,"template":"","meta":[],"product_cat":[465,165,166],"product_tag":[],"acf":[],"yoast_head":"<!-- This site is optimized with the Yoast SEO plugin v21.5 - https:\/\/yoast.com\/wordpress\/plugins\/seo\/ -->\n<title>Book &quot;Island Angels&quot; in English - Muhu Brands<\/title>\n<meta name=\"robots\" content=\"index, follow, max-snippet:-1, max-image-preview:large, max-video-preview:-1\" \/>\n<link rel=\"canonical\" href=\"https:\/\/muhubrands.com\/en\/product\/island-angels\/\" \/>\n<meta property=\"og:locale\" content=\"en_US\" \/>\n<meta property=\"og:type\" content=\"article\" \/>\n<meta property=\"og:title\" content=\"Book &quot;Island Angels&quot; in English - Muhu Brands\" \/>\n<meta property=\"og:description\" content=\"\u201eIsland Angels\u201c (\u201eMuhu inglid\u201c) is a picture book inspired by Estonian folklore. Muhu is the third largest island in Estonia and known for its abundant and singular folk traditions. The book holds the stories of seven women named \u201cAngel\u201d. Patterns from skirts, sweaters, quilts form the core elements of the book. The line structure of the images is reminiscent of embroidery. A modern comic book section tells the stories of the angels as a good-natured strip. The book is in English. Artwork: Urmas Viik, stories: Kadri T\u00fc\u00fcr, translation: Juta K\u00f5vamees-Kitching. 2018  36 pages\" \/>\n<meta property=\"og:url\" content=\"https:\/\/muhubrands.com\/en\/product\/island-angels\/\" \/>\n<meta property=\"og:site_name\" content=\"Muhu Brands\" \/>\n<meta property=\"article:modified_time\" content=\"2025-08-19T11:25:20+00:00\" \/>\n<meta property=\"og:image\" content=\"https:\/\/muhubrands.com\/wp-content\/uploads\/2022\/03\/Island-angels.jpg\" \/>\n\t<meta property=\"og:image:width\" content=\"474\" \/>\n\t<meta property=\"og:image:height\" content=\"499\" \/>\n\t<meta property=\"og:image:type\" content=\"image\/jpeg\" \/>\n<meta name=\"twitter:card\" content=\"summary_large_image\" \/>\n<script type=\"application\/ld+json\" class=\"yoast-schema-graph\">{\"@context\":\"https:\/\/schema.org\",\"@graph\":[{\"@type\":\"WebPage\",\"@id\":\"https:\/\/muhubrands.com\/en\/product\/island-angels\/\",\"url\":\"https:\/\/muhubrands.com\/en\/product\/island-angels\/\",\"name\":\"Book \\\"Island Angels\\\" in English - Muhu Brands\",\"isPartOf\":{\"@id\":\"https:\/\/muhubrands.com\/en\/#website\"},\"datePublished\":\"2022-03-03T13:33:54+00:00\",\"dateModified\":\"2025-08-19T11:25:20+00:00\",\"breadcrumb\":{\"@id\":\"https:\/\/muhubrands.com\/en\/product\/island-angels\/#breadcrumb\"},\"inLanguage\":\"en-US\",\"potentialAction\":[{\"@type\":\"ReadAction\",\"target\":[\"https:\/\/muhubrands.com\/en\/product\/island-angels\/\"]}]},{\"@type\":\"BreadcrumbList\",\"@id\":\"https:\/\/muhubrands.com\/en\/product\/island-angels\/#breadcrumb\",\"itemListElement\":[{\"@type\":\"ListItem\",\"position\":1,\"name\":\"Home\",\"item\":\"https:\/\/muhubrands.com\/en\/\"},{\"@type\":\"ListItem\",\"position\":2,\"name\":\"Home\",\"item\":\"https:\/\/muhubrands.com\/en\/\"},{\"@type\":\"ListItem\",\"position\":3,\"name\":\"Book &#8220;Island Angels&#8221; in English\"}]},{\"@type\":\"WebSite\",\"@id\":\"https:\/\/muhubrands.com\/en\/#website\",\"url\":\"https:\/\/muhubrands.com\/en\/\",\"name\":\"Muhu Brands\",\"description\":\"\",\"potentialAction\":[{\"@type\":\"SearchAction\",\"target\":{\"@type\":\"EntryPoint\",\"urlTemplate\":\"https:\/\/muhubrands.com\/en\/?s={search_term_string}\"},\"query-input\":\"required name=search_term_string\"}],\"inLanguage\":\"en-US\"}]}<\/script>\n<!-- \/ Yoast SEO plugin. -->","yoast_head_json":{"title":"Book \"Island Angels\" in English - Muhu Brands","robots":{"index":"index","follow":"follow","max-snippet":"max-snippet:-1","max-image-preview":"max-image-preview:large","max-video-preview":"max-video-preview:-1"},"canonical":"https:\/\/muhubrands.com\/en\/product\/island-angels\/","og_locale":"en_US","og_type":"article","og_title":"Book \"Island Angels\" in English - Muhu Brands","og_description":"\u201eIsland Angels\u201c (\u201eMuhu inglid\u201c) is a picture book inspired by Estonian folklore. Muhu is the third largest island in Estonia and known for its abundant and singular folk traditions. The book holds the stories of seven women named \u201cAngel\u201d. Patterns from skirts, sweaters, quilts form the core elements of the book. The line structure of the images is reminiscent of embroidery. A modern comic book section tells the stories of the angels as a good-natured strip. The book is in English. Artwork: Urmas Viik, stories: Kadri T\u00fc\u00fcr, translation: Juta K\u00f5vamees-Kitching. 2018  36 pages","og_url":"https:\/\/muhubrands.com\/en\/product\/island-angels\/","og_site_name":"Muhu Brands","article_modified_time":"2025-08-19T11:25:20+00:00","og_image":[{"width":474,"height":499,"url":"https:\/\/muhubrands.com\/wp-content\/uploads\/2022\/03\/Island-angels.jpg","type":"image\/jpeg"}],"twitter_card":"summary_large_image","schema":{"@context":"https:\/\/schema.org","@graph":[{"@type":"WebPage","@id":"https:\/\/muhubrands.com\/en\/product\/island-angels\/","url":"https:\/\/muhubrands.com\/en\/product\/island-angels\/","name":"Book \"Island Angels\" in English - Muhu Brands","isPartOf":{"@id":"https:\/\/muhubrands.com\/en\/#website"},"datePublished":"2022-03-03T13:33:54+00:00","dateModified":"2025-08-19T11:25:20+00:00","breadcrumb":{"@id":"https:\/\/muhubrands.com\/en\/product\/island-angels\/#breadcrumb"},"inLanguage":"en-US","potentialAction":[{"@type":"ReadAction","target":["https:\/\/muhubrands.com\/en\/product\/island-angels\/"]}]},{"@type":"BreadcrumbList","@id":"https:\/\/muhubrands.com\/en\/product\/island-angels\/#breadcrumb","itemListElement":[{"@type":"ListItem","position":1,"name":"Home","item":"https:\/\/muhubrands.com\/en\/"},{"@type":"ListItem","position":2,"name":"Home","item":"https:\/\/muhubrands.com\/en\/"},{"@type":"ListItem","position":3,"name":"Book &#8220;Island Angels&#8221; in English"}]},{"@type":"WebSite","@id":"https:\/\/muhubrands.com\/en\/#website","url":"https:\/\/muhubrands.com\/en\/","name":"Muhu Brands","description":"","potentialAction":[{"@type":"SearchAction","target":{"@type":"EntryPoint","urlTemplate":"https:\/\/muhubrands.com\/en\/?s={search_term_string}"},"query-input":"required name=search_term_string"}],"inLanguage":"en-US"}]}},"_links":{"self":[{"href":"https:\/\/muhubrands.com\/en\/wp-json\/wp\/v2\/product\/4504"}],"collection":[{"href":"https:\/\/muhubrands.com\/en\/wp-json\/wp\/v2\/product"}],"about":[{"href":"https:\/\/muhubrands.com\/en\/wp-json\/wp\/v2\/types\/product"}],"wp:featuredmedia":[{"embeddable":true,"href":"https:\/\/muhubrands.com\/en\/wp-json\/wp\/v2\/media\/4505"}],"wp:attachment":[{"href":"https:\/\/muhubrands.com\/en\/wp-json\/wp\/v2\/media?parent=4504"}],"wp:term":[{"taxonomy":"product_cat","embeddable":true,"href":"https:\/\/muhubrands.com\/en\/wp-json\/wp\/v2\/product_cat?post=4504"},{"taxonomy":"product_tag","embeddable":true,"href":"https:\/\/muhubrands.com\/en\/wp-json\/wp\/v2\/product_tag?post=4504"}],"curies":[{"name":"wp","href":"https:\/\/api.w.org\/{rel}","templated":true}]}}