{"id":4525,"date":"2022-03-08T18:00:20","date_gmt":"2022-03-08T16:00:20","guid":{"rendered":"https:\/\/muhubrands.com\/?post_type=product&#038;p=4525"},"modified":"2022-03-11T08:56:17","modified_gmt":"2022-03-11T06:56:17","slug":"muhu-jaatise-wabrik-gift-card","status":"publish","type":"product","link":"https:\/\/muhubrands.com\/en\/product\/muhu-jaatise-wabrik-gift-card\/","title":{"rendered":"Muhu J\u00e4\u00e4tise Wabrik gift card"},"content":{"rendered":"","protected":false},"excerpt":{"rendered":"<p>Muhu J\u00e4\u00e4tise Wabrik produces handmade ice creams and ice cream cakes from local high-quality raw materials. Muhu J\u00e4\u00e4tise Wabrik ice cream is for people with a sweet tooth!<\/p>\n<p>The gift card has to be redeemed in one year on Muhu Island.<\/p>\n","protected":false},"featured_media":4539,"template":"","meta":[],"product_cat":[516,169],"product_tag":[],"acf":[],"yoast_head":"<!-- This site is optimized with the Yoast SEO plugin v21.5 - https:\/\/yoast.com\/wordpress\/plugins\/seo\/ -->\n<title>Muhu J\u00e4\u00e4tise Wabrik gift card - Muhu Brands<\/title>\n<meta name=\"robots\" content=\"index, follow, max-snippet:-1, max-image-preview:large, max-video-preview:-1\" \/>\n<link rel=\"canonical\" href=\"https:\/\/muhubrands.com\/en\/product\/muhu-jaatise-wabrik-gift-card\/\" \/>\n<meta property=\"og:locale\" content=\"en_US\" \/>\n<meta property=\"og:type\" content=\"article\" \/>\n<meta property=\"og:title\" content=\"Muhu J\u00e4\u00e4tise Wabrik gift card - Muhu Brands\" \/>\n<meta property=\"og:description\" content=\"Muhu J\u00e4\u00e4tise Wabrik produces handmade ice creams and ice cream cakes from local high-quality raw materials. Muhu J\u00e4\u00e4tise Wabrik ice cream is for people with a sweet tooth!  The gift card has to be redeemed in one year on Muhu Island.\" \/>\n<meta property=\"og:url\" content=\"https:\/\/muhubrands.com\/en\/product\/muhu-jaatise-wabrik-gift-card\/\" \/>\n<meta property=\"og:site_name\" content=\"Muhu Brands\" \/>\n<meta property=\"article:modified_time\" content=\"2022-03-11T06:56:17+00:00\" \/>\n<meta property=\"og:image\" content=\"https:\/\/muhubrands.com\/wp-content\/uploads\/2022\/03\/Muhu-Jaatise-Wabrik-kinkekaart-Muhubrands-scaled.jpg\" \/>\n\t<meta property=\"og:image:width\" content=\"2560\" \/>\n\t<meta property=\"og:image:height\" content=\"2541\" \/>\n\t<meta property=\"og:image:type\" content=\"image\/jpeg\" \/>\n<meta name=\"twitter:card\" content=\"summary_large_image\" \/>\n<script type=\"application\/ld+json\" class=\"yoast-schema-graph\">{\"@context\":\"https:\/\/schema.org\",\"@graph\":[{\"@type\":\"WebPage\",\"@id\":\"https:\/\/muhubrands.com\/en\/product\/muhu-jaatise-wabrik-gift-card\/\",\"url\":\"https:\/\/muhubrands.com\/en\/product\/muhu-jaatise-wabrik-gift-card\/\",\"name\":\"Muhu J\u00e4\u00e4tise Wabrik gift card - Muhu Brands\",\"isPartOf\":{\"@id\":\"https:\/\/muhubrands.com\/en\/#website\"},\"datePublished\":\"2022-03-08T16:00:20+00:00\",\"dateModified\":\"2022-03-11T06:56:17+00:00\",\"breadcrumb\":{\"@id\":\"https:\/\/muhubrands.com\/en\/product\/muhu-jaatise-wabrik-gift-card\/#breadcrumb\"},\"inLanguage\":\"en-US\",\"potentialAction\":[{\"@type\":\"ReadAction\",\"target\":[\"https:\/\/muhubrands.com\/en\/product\/muhu-jaatise-wabrik-gift-card\/\"]}]},{\"@type\":\"BreadcrumbList\",\"@id\":\"https:\/\/muhubrands.com\/en\/product\/muhu-jaatise-wabrik-gift-card\/#breadcrumb\",\"itemListElement\":[{\"@type\":\"ListItem\",\"position\":1,\"name\":\"Home\",\"item\":\"https:\/\/muhubrands.com\/en\/\"},{\"@type\":\"ListItem\",\"position\":2,\"name\":\"Home\",\"item\":\"https:\/\/muhubrands.com\/en\/\"},{\"@type\":\"ListItem\",\"position\":3,\"name\":\"Muhu J\u00e4\u00e4tise Wabrik gift card\"}]},{\"@type\":\"WebSite\",\"@id\":\"https:\/\/muhubrands.com\/en\/#website\",\"url\":\"https:\/\/muhubrands.com\/en\/\",\"name\":\"Muhu Brands\",\"description\":\"\",\"potentialAction\":[{\"@type\":\"SearchAction\",\"target\":{\"@type\":\"EntryPoint\",\"urlTemplate\":\"https:\/\/muhubrands.com\/en\/?s={search_term_string}\"},\"query-input\":\"required name=search_term_string\"}],\"inLanguage\":\"en-US\"}]}<\/script>\n<!-- \/ Yoast SEO plugin. -->","yoast_head_json":{"title":"Muhu J\u00e4\u00e4tise Wabrik gift card - Muhu Brands","robots":{"index":"index","follow":"follow","max-snippet":"max-snippet:-1","max-image-preview":"max-image-preview:large","max-video-preview":"max-video-preview:-1"},"canonical":"https:\/\/muhubrands.com\/en\/product\/muhu-jaatise-wabrik-gift-card\/","og_locale":"en_US","og_type":"article","og_title":"Muhu J\u00e4\u00e4tise Wabrik gift card - Muhu Brands","og_description":"Muhu J\u00e4\u00e4tise Wabrik produces handmade ice creams and ice cream cakes from local high-quality raw materials. Muhu J\u00e4\u00e4tise Wabrik ice cream is for people with a sweet tooth!  The gift card has to be redeemed in one year on Muhu Island.","og_url":"https:\/\/muhubrands.com\/en\/product\/muhu-jaatise-wabrik-gift-card\/","og_site_name":"Muhu Brands","article_modified_time":"2022-03-11T06:56:17+00:00","og_image":[{"width":2560,"height":2541,"url":"https:\/\/muhubrands.com\/wp-content\/uploads\/2022\/03\/Muhu-Jaatise-Wabrik-kinkekaart-Muhubrands-scaled.jpg","type":"image\/jpeg"}],"twitter_card":"summary_large_image","schema":{"@context":"https:\/\/schema.org","@graph":[{"@type":"WebPage","@id":"https:\/\/muhubrands.com\/en\/product\/muhu-jaatise-wabrik-gift-card\/","url":"https:\/\/muhubrands.com\/en\/product\/muhu-jaatise-wabrik-gift-card\/","name":"Muhu J\u00e4\u00e4tise Wabrik gift card - Muhu Brands","isPartOf":{"@id":"https:\/\/muhubrands.com\/en\/#website"},"datePublished":"2022-03-08T16:00:20+00:00","dateModified":"2022-03-11T06:56:17+00:00","breadcrumb":{"@id":"https:\/\/muhubrands.com\/en\/product\/muhu-jaatise-wabrik-gift-card\/#breadcrumb"},"inLanguage":"en-US","potentialAction":[{"@type":"ReadAction","target":["https:\/\/muhubrands.com\/en\/product\/muhu-jaatise-wabrik-gift-card\/"]}]},{"@type":"BreadcrumbList","@id":"https:\/\/muhubrands.com\/en\/product\/muhu-jaatise-wabrik-gift-card\/#breadcrumb","itemListElement":[{"@type":"ListItem","position":1,"name":"Home","item":"https:\/\/muhubrands.com\/en\/"},{"@type":"ListItem","position":2,"name":"Home","item":"https:\/\/muhubrands.com\/en\/"},{"@type":"ListItem","position":3,"name":"Muhu J\u00e4\u00e4tise Wabrik gift card"}]},{"@type":"WebSite","@id":"https:\/\/muhubrands.com\/en\/#website","url":"https:\/\/muhubrands.com\/en\/","name":"Muhu Brands","description":"","potentialAction":[{"@type":"SearchAction","target":{"@type":"EntryPoint","urlTemplate":"https:\/\/muhubrands.com\/en\/?s={search_term_string}"},"query-input":"required name=search_term_string"}],"inLanguage":"en-US"}]}},"_links":{"self":[{"href":"https:\/\/muhubrands.com\/en\/wp-json\/wp\/v2\/product\/4525"}],"collection":[{"href":"https:\/\/muhubrands.com\/en\/wp-json\/wp\/v2\/product"}],"about":[{"href":"https:\/\/muhubrands.com\/en\/wp-json\/wp\/v2\/types\/product"}],"wp:featuredmedia":[{"embeddable":true,"href":"https:\/\/muhubrands.com\/en\/wp-json\/wp\/v2\/media\/4539"}],"wp:attachment":[{"href":"https:\/\/muhubrands.com\/en\/wp-json\/wp\/v2\/media?parent=4525"}],"wp:term":[{"taxonomy":"product_cat","embeddable":true,"href":"https:\/\/muhubrands.com\/en\/wp-json\/wp\/v2\/product_cat?post=4525"},{"taxonomy":"product_tag","embeddable":true,"href":"https:\/\/muhubrands.com\/en\/wp-json\/wp\/v2\/product_tag?post=4525"}],"curies":[{"name":"wp","href":"https:\/\/api.w.org\/{rel}","templated":true}]}}