{"id":4816,"date":"2022-04-07T08:55:27","date_gmt":"2022-04-07T05:55:27","guid":{"rendered":"https:\/\/muhubrands.com\/?post_type=product&#038;p=4816"},"modified":"2023-03-01T10:54:33","modified_gmt":"2023-03-01T08:54:33","slug":"poetry-photo-book-vaikiv-valgus","status":"publish","type":"product","link":"https:\/\/muhubrands.com\/en\/product\/poetry-photo-book-vaikiv-valgus\/","title":{"rendered":"Poetry photo book &#8220;Vaikiv valgus&#8221;"},"content":{"rendered":"","protected":false},"excerpt":{"rendered":"<p>Ma h\u00f5iskan sala oma \u00f5hina \u00f5nneheina \u00f5ilmetesse &#8211; this is a row from one poem from the book in your hands. Today there are no more secret whispers or singing to myself, today there\u2019s public poetry for everyone to read. BY ME. Every word in this book is a part of MYSELF that I have shared with you. As my heart puts the words in a row, my hand writes them down. The biggest wind in my sails, the biggest rhymer and message composer is the NATURE around me and the TIME in which I live. This magical Estonian winter, unequalled summer, romantic spring and colourful autumn. This beauty around me makes my heart melt with happiness when I see it. These moments seen by my eyes and caught by my camera have been bound between the lines of my poems. You can decide which speaks to YOU before when you close the back cover of the book after reading and looking at the book.<\/p>\n<p>My heart thanks you!<\/p>\n<p>Hardcover, 83 pages, 2020a.<\/p>\n","protected":false},"featured_media":4817,"template":"","meta":[],"product_cat":[540,166],"product_tag":[],"acf":[],"yoast_head":"<!-- This site is optimized with the Yoast SEO plugin v21.5 - https:\/\/yoast.com\/wordpress\/plugins\/seo\/ -->\n<title>Poetry photo book &quot;Vaikiv valgus&quot; - Muhu Brands<\/title>\n<meta name=\"robots\" content=\"index, follow, max-snippet:-1, max-image-preview:large, max-video-preview:-1\" \/>\n<link rel=\"canonical\" href=\"https:\/\/muhubrands.com\/en\/product\/poetry-photo-book-vaikiv-valgus\/\" \/>\n<meta property=\"og:locale\" content=\"en_US\" \/>\n<meta property=\"og:type\" content=\"article\" \/>\n<meta property=\"og:title\" content=\"Poetry photo book &quot;Vaikiv valgus&quot; - Muhu Brands\" \/>\n<meta property=\"og:description\" content=\"Ma h\u00f5iskan sala oma \u00f5hina \u00f5nneheina \u00f5ilmetesse - this is a row from one poem from the book in your hands. Today there are no more secret whispers or singing to myself, today there\u2019s public poetry for everyone to read. BY ME. Every word in this book is a part of MYSELF that I have shared with you. As my heart puts the words in a row, my hand writes them down. The biggest wind in my sails, the biggest rhymer and message composer is the NATURE around me and the TIME in which I live. This magical Estonian winter, unequalled summer, romantic spring and colourful autumn. This beauty around me makes my heart melt with happiness when I see it. These moments seen by my eyes and caught by my camera have been bound between the lines of my poems. You can decide which speaks to YOU before when you close the back cover of the book after reading and looking at the book.  My heart thanks you!  Hardcover, 83 pages, 2020a.\" \/>\n<meta property=\"og:url\" content=\"https:\/\/muhubrands.com\/en\/product\/poetry-photo-book-vaikiv-valgus\/\" \/>\n<meta property=\"og:site_name\" content=\"Muhu Brands\" \/>\n<meta property=\"article:modified_time\" content=\"2023-03-01T08:54:33+00:00\" \/>\n<meta property=\"og:image\" content=\"https:\/\/muhubrands.com\/wp-content\/uploads\/2022\/04\/Vaikiv-valgus-Muhubrands.jpeg\" \/>\n\t<meta property=\"og:image:width\" content=\"1535\" \/>\n\t<meta property=\"og:image:height\" content=\"2048\" \/>\n\t<meta property=\"og:image:type\" content=\"image\/jpeg\" \/>\n<meta name=\"twitter:card\" content=\"summary_large_image\" \/>\n<script type=\"application\/ld+json\" class=\"yoast-schema-graph\">{\"@context\":\"https:\/\/schema.org\",\"@graph\":[{\"@type\":\"WebPage\",\"@id\":\"https:\/\/muhubrands.com\/en\/product\/poetry-photo-book-vaikiv-valgus\/\",\"url\":\"https:\/\/muhubrands.com\/en\/product\/poetry-photo-book-vaikiv-valgus\/\",\"name\":\"Poetry photo book \\\"Vaikiv valgus\\\" - Muhu Brands\",\"isPartOf\":{\"@id\":\"https:\/\/muhubrands.com\/en\/#website\"},\"datePublished\":\"2022-04-07T05:55:27+00:00\",\"dateModified\":\"2023-03-01T08:54:33+00:00\",\"breadcrumb\":{\"@id\":\"https:\/\/muhubrands.com\/en\/product\/poetry-photo-book-vaikiv-valgus\/#breadcrumb\"},\"inLanguage\":\"en-US\",\"potentialAction\":[{\"@type\":\"ReadAction\",\"target\":[\"https:\/\/muhubrands.com\/en\/product\/poetry-photo-book-vaikiv-valgus\/\"]}]},{\"@type\":\"BreadcrumbList\",\"@id\":\"https:\/\/muhubrands.com\/en\/product\/poetry-photo-book-vaikiv-valgus\/#breadcrumb\",\"itemListElement\":[{\"@type\":\"ListItem\",\"position\":1,\"name\":\"Home\",\"item\":\"https:\/\/muhubrands.com\/en\/\"},{\"@type\":\"ListItem\",\"position\":2,\"name\":\"Home\",\"item\":\"https:\/\/muhubrands.com\/en\/\"},{\"@type\":\"ListItem\",\"position\":3,\"name\":\"Poetry photo book &#8220;Vaikiv valgus&#8221;\"}]},{\"@type\":\"WebSite\",\"@id\":\"https:\/\/muhubrands.com\/en\/#website\",\"url\":\"https:\/\/muhubrands.com\/en\/\",\"name\":\"Muhu Brands\",\"description\":\"\",\"potentialAction\":[{\"@type\":\"SearchAction\",\"target\":{\"@type\":\"EntryPoint\",\"urlTemplate\":\"https:\/\/muhubrands.com\/en\/?s={search_term_string}\"},\"query-input\":\"required name=search_term_string\"}],\"inLanguage\":\"en-US\"}]}<\/script>\n<!-- \/ Yoast SEO plugin. -->","yoast_head_json":{"title":"Poetry photo book \"Vaikiv valgus\" - Muhu Brands","robots":{"index":"index","follow":"follow","max-snippet":"max-snippet:-1","max-image-preview":"max-image-preview:large","max-video-preview":"max-video-preview:-1"},"canonical":"https:\/\/muhubrands.com\/en\/product\/poetry-photo-book-vaikiv-valgus\/","og_locale":"en_US","og_type":"article","og_title":"Poetry photo book \"Vaikiv valgus\" - Muhu Brands","og_description":"Ma h\u00f5iskan sala oma \u00f5hina \u00f5nneheina \u00f5ilmetesse - this is a row from one poem from the book in your hands. Today there are no more secret whispers or singing to myself, today there\u2019s public poetry for everyone to read. BY ME. Every word in this book is a part of MYSELF that I have shared with you. As my heart puts the words in a row, my hand writes them down. The biggest wind in my sails, the biggest rhymer and message composer is the NATURE around me and the TIME in which I live. This magical Estonian winter, unequalled summer, romantic spring and colourful autumn. This beauty around me makes my heart melt with happiness when I see it. These moments seen by my eyes and caught by my camera have been bound between the lines of my poems. You can decide which speaks to YOU before when you close the back cover of the book after reading and looking at the book.  My heart thanks you!  Hardcover, 83 pages, 2020a.","og_url":"https:\/\/muhubrands.com\/en\/product\/poetry-photo-book-vaikiv-valgus\/","og_site_name":"Muhu Brands","article_modified_time":"2023-03-01T08:54:33+00:00","og_image":[{"width":1535,"height":2048,"url":"https:\/\/muhubrands.com\/wp-content\/uploads\/2022\/04\/Vaikiv-valgus-Muhubrands.jpeg","type":"image\/jpeg"}],"twitter_card":"summary_large_image","schema":{"@context":"https:\/\/schema.org","@graph":[{"@type":"WebPage","@id":"https:\/\/muhubrands.com\/en\/product\/poetry-photo-book-vaikiv-valgus\/","url":"https:\/\/muhubrands.com\/en\/product\/poetry-photo-book-vaikiv-valgus\/","name":"Poetry photo book \"Vaikiv valgus\" - Muhu Brands","isPartOf":{"@id":"https:\/\/muhubrands.com\/en\/#website"},"datePublished":"2022-04-07T05:55:27+00:00","dateModified":"2023-03-01T08:54:33+00:00","breadcrumb":{"@id":"https:\/\/muhubrands.com\/en\/product\/poetry-photo-book-vaikiv-valgus\/#breadcrumb"},"inLanguage":"en-US","potentialAction":[{"@type":"ReadAction","target":["https:\/\/muhubrands.com\/en\/product\/poetry-photo-book-vaikiv-valgus\/"]}]},{"@type":"BreadcrumbList","@id":"https:\/\/muhubrands.com\/en\/product\/poetry-photo-book-vaikiv-valgus\/#breadcrumb","itemListElement":[{"@type":"ListItem","position":1,"name":"Home","item":"https:\/\/muhubrands.com\/en\/"},{"@type":"ListItem","position":2,"name":"Home","item":"https:\/\/muhubrands.com\/en\/"},{"@type":"ListItem","position":3,"name":"Poetry photo book &#8220;Vaikiv valgus&#8221;"}]},{"@type":"WebSite","@id":"https:\/\/muhubrands.com\/en\/#website","url":"https:\/\/muhubrands.com\/en\/","name":"Muhu Brands","description":"","potentialAction":[{"@type":"SearchAction","target":{"@type":"EntryPoint","urlTemplate":"https:\/\/muhubrands.com\/en\/?s={search_term_string}"},"query-input":"required name=search_term_string"}],"inLanguage":"en-US"}]}},"_links":{"self":[{"href":"https:\/\/muhubrands.com\/en\/wp-json\/wp\/v2\/product\/4816"}],"collection":[{"href":"https:\/\/muhubrands.com\/en\/wp-json\/wp\/v2\/product"}],"about":[{"href":"https:\/\/muhubrands.com\/en\/wp-json\/wp\/v2\/types\/product"}],"wp:featuredmedia":[{"embeddable":true,"href":"https:\/\/muhubrands.com\/en\/wp-json\/wp\/v2\/media\/4817"}],"wp:attachment":[{"href":"https:\/\/muhubrands.com\/en\/wp-json\/wp\/v2\/media?parent=4816"}],"wp:term":[{"taxonomy":"product_cat","embeddable":true,"href":"https:\/\/muhubrands.com\/en\/wp-json\/wp\/v2\/product_cat?post=4816"},{"taxonomy":"product_tag","embeddable":true,"href":"https:\/\/muhubrands.com\/en\/wp-json\/wp\/v2\/product_tag?post=4816"}],"curies":[{"name":"wp","href":"https:\/\/api.w.org\/{rel}","templated":true}]}}