{"id":7442,"date":"2024-10-16T13:13:49","date_gmt":"2024-10-16T10:15:51","guid":{"rendered":"https:\/\/muhubrands.com\/?post_type=product&#038;p=7442"},"modified":"2024-10-16T13:15:52","modified_gmt":"2024-10-16T10:15:52","slug":"padaste-gift-combo-tea-lovers","status":"publish","type":"product","link":"https:\/\/muhubrands.com\/en\/product\/padaste-gift-combo-tea-lovers\/","title":{"rendered":"P\u00e4daste Gift Combo Tea Lovers"},"content":{"rendered":"","protected":false},"excerpt":{"rendered":"<p>Gift combo includes:<br \/>\n&#8211; P\u00e4daste Herbal Infusion &#8211; wonderful in taste, relaxing 40g<br \/>\n&#8211; P\u00e4daste Manor Thyme Honey 260g<br \/>\n&#8211; Spoon handcrafted juniper wood<\/p>\n<p>Ingredients:<br \/>\nMuhu honey, thyme, peppermint, apple, rowan berry, raspberry leaf, rose leaf, chamomile, fireweed leaf, brierberry, dewberry leaf, lemon balm, hibiscus.<\/p>\n<p>Best before date:<br \/>\nTea will be best in terms of flavor and texture when consumed within 365 days from the date of shipping. Honey will be best in terms of flavor and texture when consumed within 120 days from the date of shipping.<\/p>\n<p>Elegantly wrapped as a gift.  <\/p>\n<p>Delivery time: 3 business days.               <\/p>\n","protected":false},"featured_media":7437,"template":"","meta":[],"product_cat":[352,578,148,360],"product_tag":[],"acf":[],"yoast_head":"<!-- This site is optimized with the Yoast SEO plugin v21.5 - https:\/\/yoast.com\/wordpress\/plugins\/seo\/ -->\n<title>P\u00e4daste Gift Combo Tea Lovers - Muhu Brands<\/title>\n<meta name=\"robots\" content=\"index, follow, max-snippet:-1, max-image-preview:large, max-video-preview:-1\" \/>\n<link rel=\"canonical\" href=\"https:\/\/muhubrands.com\/en\/product\/padaste-gift-combo-tea-lovers\/\" \/>\n<meta property=\"og:locale\" content=\"en_US\" \/>\n<meta property=\"og:type\" content=\"article\" \/>\n<meta property=\"og:title\" content=\"P\u00e4daste Gift Combo Tea Lovers - Muhu Brands\" \/>\n<meta property=\"og:description\" content=\"Gift combo includes: - P\u00e4daste Herbal Infusion - wonderful in taste, relaxing 40g - P\u00e4daste Manor Thyme Honey 260g - Spoon handcrafted juniper wood   Ingredients: Muhu honey, thyme, peppermint, apple, rowan berry, raspberry leaf, rose leaf, chamomile, fireweed leaf, brierberry, dewberry leaf, lemon balm, hibiscus.  Best before date: Tea will be best in terms of flavor and texture when consumed within 365 days from the date of shipping. Honey will be best in terms of flavor and texture when consumed within 120 days from the date of shipping.  Elegantly wrapped as a gift.   Delivery time: 3 business days.\" \/>\n<meta property=\"og:url\" content=\"https:\/\/muhubrands.com\/en\/product\/padaste-gift-combo-tea-lovers\/\" \/>\n<meta property=\"og:site_name\" content=\"Muhu Brands\" \/>\n<meta property=\"article:modified_time\" content=\"2024-10-16T10:15:52+00:00\" \/>\n<meta property=\"og:image\" content=\"https:\/\/muhubrands.com\/wp-content\/uploads\/2024\/10\/Foto_002.jpeg\" \/>\n\t<meta property=\"og:image:width\" content=\"800\" \/>\n\t<meta property=\"og:image:height\" content=\"800\" \/>\n\t<meta property=\"og:image:type\" content=\"image\/jpeg\" \/>\n<meta name=\"twitter:card\" content=\"summary_large_image\" \/>\n<script type=\"application\/ld+json\" class=\"yoast-schema-graph\">{\"@context\":\"https:\/\/schema.org\",\"@graph\":[{\"@type\":\"WebPage\",\"@id\":\"https:\/\/muhubrands.com\/en\/product\/padaste-gift-combo-tea-lovers\/\",\"url\":\"https:\/\/muhubrands.com\/en\/product\/padaste-gift-combo-tea-lovers\/\",\"name\":\"P\u00e4daste Gift Combo Tea Lovers - Muhu Brands\",\"isPartOf\":{\"@id\":\"https:\/\/muhubrands.com\/en\/#website\"},\"datePublished\":\"2024-10-16T10:15:51+00:00\",\"dateModified\":\"2024-10-16T10:15:52+00:00\",\"breadcrumb\":{\"@id\":\"https:\/\/muhubrands.com\/en\/product\/padaste-gift-combo-tea-lovers\/#breadcrumb\"},\"inLanguage\":\"en-US\",\"potentialAction\":[{\"@type\":\"ReadAction\",\"target\":[\"https:\/\/muhubrands.com\/en\/product\/padaste-gift-combo-tea-lovers\/\"]}]},{\"@type\":\"BreadcrumbList\",\"@id\":\"https:\/\/muhubrands.com\/en\/product\/padaste-gift-combo-tea-lovers\/#breadcrumb\",\"itemListElement\":[{\"@type\":\"ListItem\",\"position\":1,\"name\":\"Home\",\"item\":\"https:\/\/muhubrands.com\/en\/\"},{\"@type\":\"ListItem\",\"position\":2,\"name\":\"Home\",\"item\":\"https:\/\/muhubrands.com\/en\/\"},{\"@type\":\"ListItem\",\"position\":3,\"name\":\"P\u00e4daste Gift Combo Tea Lovers\"}]},{\"@type\":\"WebSite\",\"@id\":\"https:\/\/muhubrands.com\/en\/#website\",\"url\":\"https:\/\/muhubrands.com\/en\/\",\"name\":\"Muhu Brands\",\"description\":\"\",\"potentialAction\":[{\"@type\":\"SearchAction\",\"target\":{\"@type\":\"EntryPoint\",\"urlTemplate\":\"https:\/\/muhubrands.com\/en\/?s={search_term_string}\"},\"query-input\":\"required name=search_term_string\"}],\"inLanguage\":\"en-US\"}]}<\/script>\n<!-- \/ Yoast SEO plugin. -->","yoast_head_json":{"title":"P\u00e4daste Gift Combo Tea Lovers - Muhu Brands","robots":{"index":"index","follow":"follow","max-snippet":"max-snippet:-1","max-image-preview":"max-image-preview:large","max-video-preview":"max-video-preview:-1"},"canonical":"https:\/\/muhubrands.com\/en\/product\/padaste-gift-combo-tea-lovers\/","og_locale":"en_US","og_type":"article","og_title":"P\u00e4daste Gift Combo Tea Lovers - Muhu Brands","og_description":"Gift combo includes: - P\u00e4daste Herbal Infusion - wonderful in taste, relaxing 40g - P\u00e4daste Manor Thyme Honey 260g - Spoon handcrafted juniper wood   Ingredients: Muhu honey, thyme, peppermint, apple, rowan berry, raspberry leaf, rose leaf, chamomile, fireweed leaf, brierberry, dewberry leaf, lemon balm, hibiscus.  Best before date: Tea will be best in terms of flavor and texture when consumed within 365 days from the date of shipping. Honey will be best in terms of flavor and texture when consumed within 120 days from the date of shipping.  Elegantly wrapped as a gift.   Delivery time: 3 business days.","og_url":"https:\/\/muhubrands.com\/en\/product\/padaste-gift-combo-tea-lovers\/","og_site_name":"Muhu Brands","article_modified_time":"2024-10-16T10:15:52+00:00","og_image":[{"width":800,"height":800,"url":"https:\/\/muhubrands.com\/wp-content\/uploads\/2024\/10\/Foto_002.jpeg","type":"image\/jpeg"}],"twitter_card":"summary_large_image","schema":{"@context":"https:\/\/schema.org","@graph":[{"@type":"WebPage","@id":"https:\/\/muhubrands.com\/en\/product\/padaste-gift-combo-tea-lovers\/","url":"https:\/\/muhubrands.com\/en\/product\/padaste-gift-combo-tea-lovers\/","name":"P\u00e4daste Gift Combo Tea Lovers - Muhu Brands","isPartOf":{"@id":"https:\/\/muhubrands.com\/en\/#website"},"datePublished":"2024-10-16T10:15:51+00:00","dateModified":"2024-10-16T10:15:52+00:00","breadcrumb":{"@id":"https:\/\/muhubrands.com\/en\/product\/padaste-gift-combo-tea-lovers\/#breadcrumb"},"inLanguage":"en-US","potentialAction":[{"@type":"ReadAction","target":["https:\/\/muhubrands.com\/en\/product\/padaste-gift-combo-tea-lovers\/"]}]},{"@type":"BreadcrumbList","@id":"https:\/\/muhubrands.com\/en\/product\/padaste-gift-combo-tea-lovers\/#breadcrumb","itemListElement":[{"@type":"ListItem","position":1,"name":"Home","item":"https:\/\/muhubrands.com\/en\/"},{"@type":"ListItem","position":2,"name":"Home","item":"https:\/\/muhubrands.com\/en\/"},{"@type":"ListItem","position":3,"name":"P\u00e4daste Gift Combo Tea Lovers"}]},{"@type":"WebSite","@id":"https:\/\/muhubrands.com\/en\/#website","url":"https:\/\/muhubrands.com\/en\/","name":"Muhu Brands","description":"","potentialAction":[{"@type":"SearchAction","target":{"@type":"EntryPoint","urlTemplate":"https:\/\/muhubrands.com\/en\/?s={search_term_string}"},"query-input":"required name=search_term_string"}],"inLanguage":"en-US"}]}},"_links":{"self":[{"href":"https:\/\/muhubrands.com\/en\/wp-json\/wp\/v2\/product\/7442"}],"collection":[{"href":"https:\/\/muhubrands.com\/en\/wp-json\/wp\/v2\/product"}],"about":[{"href":"https:\/\/muhubrands.com\/en\/wp-json\/wp\/v2\/types\/product"}],"wp:featuredmedia":[{"embeddable":true,"href":"https:\/\/muhubrands.com\/en\/wp-json\/wp\/v2\/media\/7437"}],"wp:attachment":[{"href":"https:\/\/muhubrands.com\/en\/wp-json\/wp\/v2\/media?parent=7442"}],"wp:term":[{"taxonomy":"product_cat","embeddable":true,"href":"https:\/\/muhubrands.com\/en\/wp-json\/wp\/v2\/product_cat?post=7442"},{"taxonomy":"product_tag","embeddable":true,"href":"https:\/\/muhubrands.com\/en\/wp-json\/wp\/v2\/product_tag?post=7442"}],"curies":[{"name":"wp","href":"https:\/\/api.w.org\/{rel}","templated":true}]}}